{"id":22797,"date":"2024-10-23T22:22:45","date_gmt":"2024-10-23T22:22:45","guid":{"rendered":"https:\/\/furkabikes.ch\/?page_id=22797"},"modified":"2025-08-21T21:42:55","modified_gmt":"2025-08-21T21:42:55","slug":"macun","status":"publish","type":"page","link":"https:\/\/furkabikes.ch\/en\/macun\/","title":{"rendered":"Macun"},"content":{"rendered":"<div data-elementor-type=\"wp-page\" data-elementor-id=\"22797\" class=\"elementor elementor-22797\">\n\t\t\t\t\t\t<section class=\"elementor-section elementor-top-section elementor-element elementor-element-4cf1255 elementor-section-full_width elementor-section-stretched elementor-section-height-default elementor-section-height-default\" data-id=\"4cf1255\" data-element_type=\"section\" data-e-type=\"section\" data-settings=\"{&quot;stretch_section&quot;:&quot;section-stretched&quot;,&quot;background_background&quot;:&quot;classic&quot;}\">\n\t\t\t\t\t\t<div class=\"elementor-container elementor-column-gap-no\">\n\t\t\t\t\t<div class=\"elementor-column elementor-col-100 elementor-top-column elementor-element elementor-element-9d7f178\" data-id=\"9d7f178\" data-element_type=\"column\" data-e-type=\"column\">\n\t\t\t<div class=\"elementor-widget-wrap elementor-element-populated\">\n\t\t\t\t\t\t<section class=\"elementor-section elementor-inner-section elementor-element elementor-element-9773da8 elementor-section-full_width elementor-section-height-default elementor-section-height-default\" data-id=\"9773da8\" data-element_type=\"section\" data-e-type=\"section\">\n\t\t\t\t\t\t<div class=\"elementor-container elementor-column-gap-default\">\n\t\t\t\t\t<div class=\"elementor-column elementor-col-100 elementor-inner-column elementor-element elementor-element-87ec9f1\" data-id=\"87ec9f1\" data-element_type=\"column\" data-e-type=\"column\">\n\t\t\t<div class=\"elementor-widget-wrap\">\n\t\t\t\t\t\t\t<\/div>\n\t\t<\/div>\n\t\t\t\t\t<\/div>\n\t\t<\/section>\n\t\t\t\t\t<\/div>\n\t\t<\/div>\n\t\t\t\t\t<\/div>\n\t\t<\/section>\n\t\t<div class=\"elementor-element elementor-element-7593b85 e-flex e-con-boxed e-con e-parent\" data-id=\"7593b85\" data-element_type=\"container\" data-e-type=\"container\">\n\t\t\t\t\t<div class=\"e-con-inner\">\n\t\t\t\t<div class=\"elementor-element elementor-element-4606137 elementor-widget elementor-widget-spacer\" data-id=\"4606137\" data-element_type=\"widget\" data-e-type=\"widget\" data-widget_type=\"spacer.default\">\n\t\t\t\t<div class=\"elementor-widget-container\">\n\t\t\t\t\t\t\t<div class=\"elementor-spacer\">\n\t\t\t<div class=\"elementor-spacer-inner\"><\/div>\n\t\t<\/div>\n\t\t\t\t\t\t<\/div>\n\t\t\t\t<\/div>\n\t\t\t\t\t<\/div>\n\t\t\t\t<\/div>\n\t\t<div class=\"elementor-element elementor-element-d406937 e-flex e-con-boxed e-con e-parent\" data-id=\"d406937\" data-element_type=\"container\" data-e-type=\"container\">\n\t\t\t\t\t<div class=\"e-con-inner\">\n\t\t\t\t<div class=\"elementor-element elementor-element-df10771 elementor-widget elementor-widget-text-editor\" data-id=\"df10771\" data-element_type=\"widget\" data-e-type=\"widget\" data-widget_type=\"text-editor.default\">\n\t\t\t\t<div class=\"elementor-widget-container\">\n\t\t\t\t\t\t\t\t\t<div class=\"jb-description_info-row\"><div>Furka <span style=\"color: #da291c;\"><strong>Macun<\/strong><\/span> is a Cross-Country bike designed for outstanding <strong>superior performance on all types of terrain,<\/strong> was developed. It combines lightness and endurance to maximise your speed and efficiency with every pedal stroke.<\/div><div>\u00a0<\/div><div>With a robust <strong>lightweight frame<\/strong>, high-precision suspension and high-end components, it\u2019s the perfect companion for those looking to conquer technical trails, long distances and challenging climbs with total confidence in longer races<\/div><\/div>\t\t\t\t\t\t\t\t<\/div>\n\t\t\t\t<\/div>\n\t\t\t\t\t<\/div>\n\t\t\t\t<\/div>\n\t\t<div class=\"elementor-element elementor-element-1cb57c8 e-flex e-con-boxed e-con e-parent\" data-id=\"1cb57c8\" data-element_type=\"container\" data-e-type=\"container\">\n\t\t\t\t\t<div class=\"e-con-inner\">\n\t\t\t\t<div class=\"elementor-element elementor-element-a9229f9 elementor-widget elementor-widget-spacer\" data-id=\"a9229f9\" data-element_type=\"widget\" data-e-type=\"widget\" data-widget_type=\"spacer.default\">\n\t\t\t\t<div class=\"elementor-widget-container\">\n\t\t\t\t\t\t\t<div class=\"elementor-spacer\">\n\t\t\t<div class=\"elementor-spacer-inner\"><\/div>\n\t\t<\/div>\n\t\t\t\t\t\t<\/div>\n\t\t\t\t<\/div>\n\t\t\t\t\t<\/div>\n\t\t\t\t<\/div>\n\t\t<div class=\"elementor-element elementor-element-bfd2979 e-flex e-con-boxed e-con e-parent\" data-id=\"bfd2979\" data-element_type=\"container\" data-e-type=\"container\">\n\t\t\t\t\t<div class=\"e-con-inner\">\n\t\t\t\t<div class=\"elementor-element elementor-element-f26b7c1 elementor-widget elementor-widget-image\" data-id=\"f26b7c1\" data-element_type=\"widget\" data-e-type=\"widget\" data-widget_type=\"image.default\">\n\t\t\t\t<div class=\"elementor-widget-container\">\n\t\t\t\t\t\t\t\t\t\t\t\t\t\t\t<img decoding=\"async\" src=\"https:\/\/furkabikes.ch\/wp-content\/uploads\/elementor\/thumbs\/Macun-upper-onepager-spec-PNG1-qxyhl31mhykh447ittjs2dnahwzi5f4amhn76th3hc.png\" title=\"Macun upper onepager spec PNG1\" alt=\"Macun upper onepager spec PNG1\" loading=\"lazy\" \/>\t\t\t\t\t\t\t\t\t\t\t\t\t\t\t<\/div>\n\t\t\t\t<\/div>\n\t\t\t\t\t<\/div>\n\t\t\t\t<\/div>\n\t\t<div class=\"elementor-element elementor-element-5607153 e-flex e-con-boxed e-con e-parent\" data-id=\"5607153\" data-element_type=\"container\" data-e-type=\"container\" data-settings=\"{&quot;background_background&quot;:&quot;classic&quot;}\">\n\t\t\t\t\t<div class=\"e-con-inner\">\n\t\t\t\t<div class=\"elementor-element elementor-element-622355f elementor-button-danger elementor-align-center elementor-widget elementor-widget-button\" data-id=\"622355f\" data-element_type=\"widget\" data-e-type=\"widget\" data-widget_type=\"button.default\">\n\t\t\t\t<div class=\"elementor-widget-container\">\n\t\t\t\t\t\t\t\t\t<div class=\"elementor-button-wrapper\">\n\t\t\t\t\t<a class=\"elementor-button elementor-button-link elementor-size-sm\" href=\"https:\/\/furkabikes.ch\/en\/contact\/\">\n\t\t\t\t\t\t<span class=\"elementor-button-content-wrapper\">\n\t\t\t\t\t\t\t\t\t<span class=\"elementor-button-text\">Send request<\/span>\n\t\t\t\t\t<\/span>\n\t\t\t\t\t<\/a>\n\t\t\t\t<\/div>\n\t\t\t\t\t\t\t\t<\/div>\n\t\t\t\t<\/div>\n\t\t\t\t\t<\/div>\n\t\t\t\t<\/div>\n\t\t<div class=\"elementor-element elementor-element-6efad60 e-flex e-con-boxed e-con e-parent\" data-id=\"6efad60\" data-element_type=\"container\" data-e-type=\"container\">\n\t\t\t\t\t<div class=\"e-con-inner\">\n\t\t\t\t<div class=\"elementor-element elementor-element-77df0db elementor-widget elementor-widget-spacer\" data-id=\"77df0db\" data-element_type=\"widget\" data-e-type=\"widget\" data-widget_type=\"spacer.default\">\n\t\t\t\t<div class=\"elementor-widget-container\">\n\t\t\t\t\t\t\t<div class=\"elementor-spacer\">\n\t\t\t<div class=\"elementor-spacer-inner\"><\/div>\n\t\t<\/div>\n\t\t\t\t\t\t<\/div>\n\t\t\t\t<\/div>\n\t\t\t\t<div class=\"elementor-element elementor-element-ddf9b49 elementor-widget__width-initial elementor-widget elementor-widget-text-editor\" data-id=\"ddf9b49\" data-element_type=\"widget\" data-e-type=\"widget\" data-widget_type=\"text-editor.default\">\n\t\t\t\t<div class=\"elementor-widget-container\">\n\t\t\t\t\t\t\t\t\t<p>Your <strong>Furka Bike<\/strong> will be produced according to your <strong>desired colour design<\/strong> and your <strong>components<\/strong> selection.<\/p><p><strong>Let us know your wishes<\/strong>, we will contact you and prepare an offer for your Furka Bike.<\/p>\t\t\t\t\t\t\t\t<\/div>\n\t\t\t\t<\/div>\n\t\t\t\t<div class=\"elementor-element elementor-element-8115436 elementor-widget elementor-widget-spacer\" data-id=\"8115436\" data-element_type=\"widget\" data-e-type=\"widget\" data-widget_type=\"spacer.default\">\n\t\t\t\t<div class=\"elementor-widget-container\">\n\t\t\t\t\t\t\t<div class=\"elementor-spacer\">\n\t\t\t<div class=\"elementor-spacer-inner\"><\/div>\n\t\t<\/div>\n\t\t\t\t\t\t<\/div>\n\t\t\t\t<\/div>\n\t\t\t\t\t<\/div>\n\t\t\t\t<\/div>\n\t\t<div class=\"elementor-element elementor-element-d14811a e-flex e-con-boxed e-con e-parent\" data-id=\"d14811a\" data-element_type=\"container\" data-e-type=\"container\">\n\t\t\t\t\t<div class=\"e-con-inner\">\n\t\t<div class=\"elementor-element elementor-element-530c2bc e-con-full e-flex e-con e-child\" data-id=\"530c2bc\" data-element_type=\"container\" data-e-type=\"container\">\n\t\t\t\t<div class=\"elementor-element elementor-element-bf36380 elementor-widget elementor-widget-image\" data-id=\"bf36380\" data-element_type=\"widget\" data-e-type=\"widget\" data-widget_type=\"image.default\">\n\t\t\t\t<div class=\"elementor-widget-container\">\n\t\t\t\t\t\t\t\t\t\t\t\t\t\t\t<img fetchpriority=\"high\" decoding=\"async\" width=\"1280\" height=\"755\" src=\"https:\/\/furkabikes.ch\/wp-content\/uploads\/2025\/02\/Macun-Photoroom-min.png\" class=\"attachment-full size-full wp-image-23818\" alt=\"\" srcset=\"https:\/\/furkabikes.ch\/wp-content\/uploads\/2025\/02\/Macun-Photoroom-min.png 1280w, https:\/\/furkabikes.ch\/wp-content\/uploads\/2025\/02\/Macun-Photoroom-min-500x295.png 500w, https:\/\/furkabikes.ch\/wp-content\/uploads\/2025\/02\/Macun-Photoroom-min-1200x708.png 1200w, https:\/\/furkabikes.ch\/wp-content\/uploads\/2025\/02\/Macun-Photoroom-min-300x177.png 300w, https:\/\/furkabikes.ch\/wp-content\/uploads\/2025\/02\/Macun-Photoroom-min-768x453.png 768w, https:\/\/furkabikes.ch\/wp-content\/uploads\/2025\/02\/Macun-Photoroom-min-18x12.png 18w, https:\/\/furkabikes.ch\/wp-content\/uploads\/2025\/02\/Macun-Photoroom-min-127x75.png 127w, https:\/\/furkabikes.ch\/wp-content\/uploads\/2025\/02\/Macun-Photoroom-min-480x283.png 480w\" sizes=\"(max-width:767px) 480px, (max-width:1280px) 100vw, 1280px\" \/>\t\t\t\t\t\t\t\t\t\t\t\t\t\t\t<\/div>\n\t\t\t\t<\/div>\n\t\t\t\t<div class=\"elementor-element elementor-element-8c4326a elementor-widget elementor-widget-heading\" data-id=\"8c4326a\" data-element_type=\"widget\" data-e-type=\"widget\" data-widget_type=\"heading.default\">\n\t\t\t\t<div class=\"elementor-widget-container\">\n\t\t\t\t\t<h2 class=\"elementor-heading-title elementor-size-default\">Macun<\/h2>\t\t\t\t<\/div>\n\t\t\t\t<\/div>\n\t\t\t\t<div class=\"elementor-element elementor-element-884c424 elementor-widget elementor-widget-text-editor\" data-id=\"884c424\" data-element_type=\"widget\" data-e-type=\"widget\" data-widget_type=\"text-editor.default\">\n\t\t\t\t<div class=\"elementor-widget-container\">\n\t\t\t\t\t\t\t\t\t<p>from CHF 5\u2019500<\/p>\t\t\t\t\t\t\t\t<\/div>\n\t\t\t\t<\/div>\n\t\t\t\t<div class=\"elementor-element elementor-element-4b8c0d6 elementor-widget elementor-widget-mfn_accordion\" data-id=\"4b8c0d6\" data-element_type=\"widget\" data-e-type=\"widget\" data-widget_type=\"mfn_accordion.default\">\n\t\t\t\t<div class=\"elementor-widget-container\">\n\t\t\t\t\t<div class=\"accordion\"><h4 class=\"title heading\">Technical specifications<\/h4><div class=\"mfn-acc accordion_wrapper\"><div class=\"question\" tabindex=\"0\" role=\"link\"><div class=\"title\"><i class=\"icon-plus acc-icon-plus\" aria-hidden=\"true\"><\/i><i class=\"icon-minus acc-icon-minus\" aria-hidden=\"true\"><\/i>Rahmen &amp; Gabel &amp; D\u00e4mpfer<\/div><div class=\"answer\"><p><strong>Rahmen<\/strong>: Furka Macun XC Geometry, PressFit BB 92, UDH kompatibel, Integrierte Kabelf\u00fchrung<\/p><p><strong>Gabel: <\/strong>RockShox SID Select RL 2P DebonAir+ Boost Remote \u2013 120mm<\/p><p><strong>D\u00e4mpfer: <\/strong>RockShox SIDLuxe Ultimate 2P Remote Standard<\/p><\/div><\/div>\n<div class=\"question\" tabindex=\"0\" role=\"link\"><div class=\"title\"><i class=\"icon-plus acc-icon-plus\" aria-hidden=\"true\"><\/i><i class=\"icon-minus acc-icon-minus\" aria-hidden=\"true\"><\/i>Antrieb<\/div><div class=\"answer\"><p>SRAM GX Eagle Transmission Schaltgruppe \u2013 AXS | T-Type<\/p><\/div><\/div>\n<div class=\"question\" tabindex=\"0\" role=\"link\"><div class=\"title\"><i class=\"icon-plus acc-icon-plus\" aria-hidden=\"true\"><\/i><i class=\"icon-minus acc-icon-minus\" aria-hidden=\"true\"><\/i>Laufr\u00e4der<\/div><div class=\"answer\"><p>Elite Wheels Carbon Laufradsatz M14 Ratschensystem 36T Nabe, 6 Bolt Lock<\/p><p>30x25x25mm (Outer width x inner width x depth)<\/p><ul><li><strong>V:<\/strong>\u00a0Boost 15 x 110 mm (Thru Axle)<\/li><li><strong>H:<\/strong>\u00a0Boost 12 x 148 mm (Thru Axle)<\/li><\/ul><\/div><\/div>\n<div class=\"question\" tabindex=\"0\" role=\"link\"><div class=\"title\"><i class=\"icon-plus acc-icon-plus\" aria-hidden=\"true\"><\/i><i class=\"icon-minus acc-icon-minus\" aria-hidden=\"true\"><\/i>Cockpit<\/div><div class=\"answer\"><p><strong>Lenker: <\/strong>Syncros Lenker Fraser 1.5 XC | 31,8 x 740 mm<\/p><p><strong>Vorbau<\/strong>: NEWMEN Evolution 318.4 Alu 31,8 mm | +\/-6\u00b0 40 mm\u00a0<\/p><p><strong>Sattel<\/strong>: PRO Griffon Performance AF<\/p><p><strong>Sattelst\u00fctze<\/strong>: PNW Dropper Post Loam | 125 mm<\/p><\/div><\/div>\n<div class=\"question\" tabindex=\"0\" role=\"link\"><div class=\"title\"><i class=\"icon-plus acc-icon-plus\" aria-hidden=\"true\"><\/i><i class=\"icon-minus acc-icon-minus\" aria-hidden=\"true\"><\/i>Bremsen<\/div><div class=\"answer\"><p><strong>Bremsen Set:<\/strong> Shimano XT V+H BR-M8100 \/ BR-M8100<\/p><p><strong>Bremsscheibe:<\/strong> Galfer MTB Fixed Disc Wave | 6-Bolt 160mm<\/p><p>\u00a0<\/p><\/div><\/div>\n<div class=\"question\" tabindex=\"0\" role=\"link\"><div class=\"title\"><i class=\"icon-plus acc-icon-plus\" aria-hidden=\"true\"><\/i><i class=\"icon-minus acc-icon-minus\" aria-hidden=\"true\"><\/i>Gewicht &amp; Gr\u00f6ssen<\/div><div class=\"answer\"><p><strong>Gewicht<\/strong>: 11.5 kg (Grosse M, ohne Pedale)<\/p><p><strong>Gr\u00f6ssen:<\/strong>\u00a0S, M, L, XL<\/p><\/div><\/div>\n<\/div><\/div>\n\t\t\t\t<\/div>\n\t\t\t\t<\/div>\n\t\t\t\t<\/div>\n\t\t<div class=\"elementor-element elementor-element-9e00fc3 e-con-full e-flex e-con e-child\" data-id=\"9e00fc3\" data-element_type=\"container\" data-e-type=\"container\">\n\t\t\t\t<div class=\"elementor-element elementor-element-e2fa1c5 elementor-widget elementor-widget-spacer\" data-id=\"e2fa1c5\" data-element_type=\"widget\" data-e-type=\"widget\" data-widget_type=\"spacer.default\">\n\t\t\t\t<div class=\"elementor-widget-container\">\n\t\t\t\t\t\t\t<div class=\"elementor-spacer\">\n\t\t\t<div class=\"elementor-spacer-inner\"><\/div>\n\t\t<\/div>\n\t\t\t\t\t\t<\/div>\n\t\t\t\t<\/div>\n\t\t\t\t<div class=\"elementor-element elementor-element-d243ece elementor-widget elementor-widget-image\" data-id=\"d243ece\" data-element_type=\"widget\" data-e-type=\"widget\" data-widget_type=\"image.default\">\n\t\t\t\t<div class=\"elementor-widget-container\">\n\t\t\t\t\t\t\t\t\t\t\t\t\t\t\t<img decoding=\"async\" width=\"1200\" height=\"654\" src=\"https:\/\/furkabikes.ch\/wp-content\/uploads\/2025\/02\/Macun-X-Photoroom-min-1200x654.png\" class=\"attachment-large size-large wp-image-23820\" alt=\"\" srcset=\"https:\/\/furkabikes.ch\/wp-content\/uploads\/2025\/02\/Macun-X-Photoroom-min-1200x654.png 1200w, https:\/\/furkabikes.ch\/wp-content\/uploads\/2025\/02\/Macun-X-Photoroom-min-500x273.png 500w, https:\/\/furkabikes.ch\/wp-content\/uploads\/2025\/02\/Macun-X-Photoroom-min-300x164.png 300w, https:\/\/furkabikes.ch\/wp-content\/uploads\/2025\/02\/Macun-X-Photoroom-min-768x419.png 768w, https:\/\/furkabikes.ch\/wp-content\/uploads\/2025\/02\/Macun-X-Photoroom-min-18x10.png 18w, https:\/\/furkabikes.ch\/wp-content\/uploads\/2025\/02\/Macun-X-Photoroom-min-138x75.png 138w, https:\/\/furkabikes.ch\/wp-content\/uploads\/2025\/02\/Macun-X-Photoroom-min-480x262.png 480w, https:\/\/furkabikes.ch\/wp-content\/uploads\/2025\/02\/Macun-X-Photoroom-min.png 1280w\" sizes=\"(max-width:767px) 480px, (max-width:1200px) 100vw, 1200px\" \/>\t\t\t\t\t\t\t\t\t\t\t\t\t\t\t<\/div>\n\t\t\t\t<\/div>\n\t\t\t\t<div class=\"elementor-element elementor-element-a61ed51 elementor-widget elementor-widget-heading\" data-id=\"a61ed51\" data-element_type=\"widget\" data-e-type=\"widget\" data-widget_type=\"heading.default\">\n\t\t\t\t<div class=\"elementor-widget-container\">\n\t\t\t\t\t<h2 class=\"elementor-heading-title elementor-size-default\">Macun X<\/h2>\t\t\t\t<\/div>\n\t\t\t\t<\/div>\n\t\t\t\t<div class=\"elementor-element elementor-element-0e752c3 elementor-widget elementor-widget-text-editor\" data-id=\"0e752c3\" data-element_type=\"widget\" data-e-type=\"widget\" data-widget_type=\"text-editor.default\">\n\t\t\t\t<div class=\"elementor-widget-container\">\n\t\t\t\t\t\t\t\t\t<p>from CHF 6\u2019300<\/p>\t\t\t\t\t\t\t\t<\/div>\n\t\t\t\t<\/div>\n\t\t\t\t<div class=\"elementor-element elementor-element-9175566 elementor-widget elementor-widget-mfn_accordion\" data-id=\"9175566\" data-element_type=\"widget\" data-e-type=\"widget\" data-widget_type=\"mfn_accordion.default\">\n\t\t\t\t<div class=\"elementor-widget-container\">\n\t\t\t\t\t<div class=\"accordion\"><h4 class=\"title heading\">Technical specifications<\/h4><div class=\"mfn-acc accordion_wrapper\"><div class=\"question\" tabindex=\"0\" role=\"link\"><div class=\"title\"><i class=\"icon-plus acc-icon-plus\" aria-hidden=\"true\"><\/i><i class=\"icon-minus acc-icon-minus\" aria-hidden=\"true\"><\/i>Rahmen &amp; Gabel &amp; D\u00e4mpfer<\/div><div class=\"answer\"><p><strong>Rahmen<\/strong>: Furka Macun SL XC Geometry, PressFit BB 92, UDH kompatibel, Integrierte Kabelf\u00fchrung<\/p><p><strong>Gabel: <\/strong>RockShox SID SL Select RL 2P DebonAir Boost Remote \u2013 110mm<\/p><p><strong>D\u00e4mpfer: <\/strong>RockShox SIDLuxe Ultimate 2P Remote Standard<\/p><\/div><\/div>\n<div class=\"question\" tabindex=\"0\" role=\"link\"><div class=\"title\"><i class=\"icon-plus acc-icon-plus\" aria-hidden=\"true\"><\/i><i class=\"icon-minus acc-icon-minus\" aria-hidden=\"true\"><\/i>Antrieb<\/div><div class=\"answer\"><p>SRAM XX Eagle Transmission Schaltgruppe \u2013 AXS | T-Type<\/p><\/div><\/div>\n<div class=\"question\" tabindex=\"0\" role=\"link\"><div class=\"title\"><i class=\"icon-plus acc-icon-plus\" aria-hidden=\"true\"><\/i><i class=\"icon-minus acc-icon-minus\" aria-hidden=\"true\"><\/i>Laufr\u00e4der<\/div><div class=\"answer\"><p>Elite Wheels Carbon Laufradsatz M14 Ratschensystem 36T Nabe, 6 Bolt Lock<\/p><p>30x25x25mm (Outer width x inner width x depth)<\/p><ul><li><strong>V:<\/strong>\u00a0Boost 15 x 110 mm (Thru Axle)<\/li><li><strong>H:<\/strong>\u00a0Boost 12 x 148 mm (Thru Axle)<\/li><\/ul><\/div><\/div>\n<div class=\"question\" tabindex=\"0\" role=\"link\"><div class=\"title\"><i class=\"icon-plus acc-icon-plus\" aria-hidden=\"true\"><\/i><i class=\"icon-minus acc-icon-minus\" aria-hidden=\"true\"><\/i>Cockpit<\/div><div class=\"answer\"><p><strong>Lenker:<\/strong>Darimo Carbon Carbon MTB Flatbar 6\u00b0 | 31,8 mm UD matt \/ schwarz<\/p><p><strong>Vorbau<\/strong>: Extralite\u00a0 HyperStem Stealth Black on Black MTB\/Road 31,8 mm | +\/- 6\u00b0 60 mm\u00a0<\/p><p><strong>Sattel<\/strong>: PRO Falcon Team<\/p><p><strong>Sattelst\u00fctze<\/strong>: PNW Dropper Post Loam | 125 mm<\/p><\/div><\/div>\n<div class=\"question\" tabindex=\"0\" role=\"link\"><div class=\"title\"><i class=\"icon-plus acc-icon-plus\" aria-hidden=\"true\"><\/i><i class=\"icon-minus acc-icon-minus\" aria-hidden=\"true\"><\/i>Bremsen<\/div><div class=\"answer\"><p><strong>Bremsen Set:<\/strong> Shimano XT V+H BR-M8100 \/ BR-M8100<\/p><p><strong>Bremsscheibe:<\/strong> Galfer MTB Fixed Disc Wave | 6-Bolt 160mm<\/p><\/div><\/div>\n<div class=\"question\" tabindex=\"0\" role=\"link\"><div class=\"title\"><i class=\"icon-plus acc-icon-plus\" aria-hidden=\"true\"><\/i><i class=\"icon-minus acc-icon-minus\" aria-hidden=\"true\"><\/i>Gewicht &amp; Gr\u00f6ssen<\/div><div class=\"answer\"><p><strong>Gewicht<\/strong>: 10.8 kg (Grosse M, ohne Pedale)<\/p><p><strong>Gr\u00f6ssen:<\/strong>\u00a0S, M, L, XL<\/p><\/div><\/div>\n<\/div><\/div>\n\t\t\t\t<\/div>\n\t\t\t\t<\/div>\n\t\t\t\t<\/div>\n\t\t\t\t\t<\/div>\n\t\t\t\t<\/div>\n\t\t<div class=\"elementor-element elementor-element-ce6161e e-flex e-con-boxed e-con e-parent\" data-id=\"ce6161e\" data-element_type=\"container\" data-e-type=\"container\" data-settings=\"{&quot;background_background&quot;:&quot;classic&quot;}\">\n\t\t\t\t\t<div class=\"e-con-inner\">\n\t\t\t\t<div class=\"elementor-element elementor-element-9448eda elementor-button-danger elementor-align-center elementor-widget elementor-widget-button\" data-id=\"9448eda\" data-element_type=\"widget\" data-e-type=\"widget\" data-widget_type=\"button.default\">\n\t\t\t\t<div class=\"elementor-widget-container\">\n\t\t\t\t\t\t\t\t\t<div class=\"elementor-button-wrapper\">\n\t\t\t\t\t<a class=\"elementor-button elementor-button-link elementor-size-sm\" href=\"https:\/\/furkabikes.ch\/wp-content\/uploads\/2024\/11\/Macun-DataSheet_V3.pdf\">\n\t\t\t\t\t\t<span class=\"elementor-button-content-wrapper\">\n\t\t\t\t\t\t<span class=\"elementor-button-icon\">\n\t\t\t\t<svg aria-hidden=\"true\" class=\"e-font-icon-svg e-fas-file-download\" viewbox=\"0 0 384 512\" xmlns=\"http:\/\/www.w3.org\/2000\/svg\"><path d=\"M224 136V0H24C10.7 0 0 10.7 0 24v464c0 13.3 10.7 24 24 24h336c13.3 0 24-10.7 24-24V160H248c-13.2 0-24-10.8-24-24zm76.45 211.36l-96.42 95.7c-6.65 6.61-17.39 6.61-24.04 0l-96.42-95.7C73.42 337.29 80.54 320 94.82 320H160v-80c0-8.84 7.16-16 16-16h32c8.84 0 16 7.16 16 16v80h65.18c14.28 0 21.4 17.29 11.27 27.36zM377 105L279.1 7c-4.5-4.5-10.6-7-17-7H256v128h128v-6.1c0-6.3-2.5-12.4-7-16.9z\"><\/path><\/svg>\t\t\t<\/span>\n\t\t\t\t\t\t\t\t\t<span class=\"elementor-button-text\">Technical Data Sheet<\/span>\n\t\t\t\t\t<\/span>\n\t\t\t\t\t<\/a>\n\t\t\t\t<\/div>\n\t\t\t\t\t\t\t\t<\/div>\n\t\t\t\t<\/div>\n\t\t\t\t\t<\/div>\n\t\t\t\t<\/div>\n\t\t\t\t<\/div>","protected":false},"excerpt":{"rendered":"<p>Das Macun ist ein Cross-Country-Bike, das f\u00fcr \u00fcberragende Leistung in jedem Gel\u00e4nde entwickelt wurde. Es kombiniert Leichtigkeit und Ausdauer, um deine Geschwindigkeit und Effizienz bei jedem<span class=\"excerpt-hellip\"> [\u2026]<\/span><\/p>\n","protected":false},"author":1,"featured_media":0,"parent":0,"menu_order":0,"comment_status":"closed","ping_status":"closed","template":"elementor_theme","meta":{"footnotes":""},"class_list":["post-22797","page","type-page","status-publish","hentry"],"_links":{"self":[{"href":"https:\/\/furkabikes.ch\/en\/wp-json\/wp\/v2\/pages\/22797","targetHints":{"allow":["GET"]}}],"collection":[{"href":"https:\/\/furkabikes.ch\/en\/wp-json\/wp\/v2\/pages"}],"about":[{"href":"https:\/\/furkabikes.ch\/en\/wp-json\/wp\/v2\/types\/page"}],"author":[{"embeddable":true,"href":"https:\/\/furkabikes.ch\/en\/wp-json\/wp\/v2\/users\/1"}],"replies":[{"embeddable":true,"href":"https:\/\/furkabikes.ch\/en\/wp-json\/wp\/v2\/comments?post=22797"}],"version-history":[{"count":204,"href":"https:\/\/furkabikes.ch\/en\/wp-json\/wp\/v2\/pages\/22797\/revisions"}],"predecessor-version":[{"id":23989,"href":"https:\/\/furkabikes.ch\/en\/wp-json\/wp\/v2\/pages\/22797\/revisions\/23989"}],"wp:attachment":[{"href":"https:\/\/furkabikes.ch\/en\/wp-json\/wp\/v2\/media?parent=22797"}],"curies":[{"name":"wp","href":"https:\/\/api.w.org\/{rel}","templated":true}]}}